{"id":1766,"date":"2019-09-09T20:22:03","date_gmt":"2019-09-09T18:22:03","guid":{"rendered":"http:\/\/www.lucidmedia.nl\/strijdhoven\/?page_id=1766"},"modified":"2019-09-09T20:31:43","modified_gmt":"2019-09-09T18:31:43","slug":"ueber","status":"publish","type":"page","link":"https:\/\/www.boomkwekerij-vanstrijdhoven.nl\/de\/ueber\/","title":{"rendered":"\u00dcber"},"content":{"rendered":"<p><div class=\"fusion-fullwidth fullwidth-box fusion-builder-row-1 nonhundred-percent-fullwidth non-hundred-percent-height-scrolling\" style=\"--awb-background-position:left top;--awb-border-radius-top-left:0px;--awb-border-radius-top-right:0px;--awb-border-radius-bottom-right:0px;--awb-border-radius-bottom-left:0px;--awb-padding-top:90px;--awb-padding-right:15%;--awb-padding-bottom:90px;--awb-padding-left:15%;--awb-border-sizes-top:0px;--awb-border-sizes-bottom:0px;--awb-flex-wrap:wrap;\" ><div class=\"fusion-builder-row fusion-row\"><div class=\"fusion-layout-column fusion_builder_column fusion-builder-column-0 fusion_builder_column_1_1 1_1 fusion-one-full fusion-column-first fusion-column-last fusion-column-no-min-height\" style=\"--awb-bg-size:cover;\"><div class=\"fusion-column-wrapper fusion-flex-column-wrapper-legacy\"><div class=\"fusion-text fusion-text-1\"><h2 style=\"text-align: center;\">Jung gelernt, alt getan<\/h2>\n<p style=\"text-align: center;\">Baumschule van Strijdhoven wurde 1996 von Wim van Strijdhoven gegr\u00fcndet. Er war 21, als er als Selbst\u00e4ndiger anfing.<\/p>\n<p style=\"text-align: center;\">Wim interessierte sich schon in jungen Jahren f\u00fcr Pflanzung und Handel. Als 15-J\u00e4hriger ging er zum Den Bosche-Viehmarkt, um Schafe zu verkaufen. Dies geschah vor der Schulzeit um halb f\u00fcnf! Der kommerzielle Geist war daher fr\u00fch. Au\u00dferdem hatte Wim einen Teilzeitjob bei einem Nadelbaumz\u00fcchter, wo er alles \u00fcber Pflanzen lernte. Eine gute Basis f\u00fcr Ihre eigene Baumschule!<\/p>\n<p style=\"text-align: center;\">Wim begann 1996 mit einigen Tausend Buchsbaumstecklingen und verf\u00fcgt heute \u00fcber eine 40 Hektar gro\u00dfe Freilandg\u00e4rtnerei mit Heckenpflanzen und ein 1,2 Hektar gro\u00dfes Gew\u00e4chshaus.<\/p>\n<\/div><div class=\"fusion-clearfix\"><\/div><\/div><\/div><\/div><\/div><div class=\"fusion-fullwidth fullwidth-box fusion-builder-row-2 hundred-percent-fullwidth non-hundred-percent-height-scrolling fusion-equal-height-columns\" style=\"--awb-background-position:left top;--awb-border-radius-top-left:0px;--awb-border-radius-top-right:0px;--awb-border-radius-bottom-right:0px;--awb-border-radius-bottom-left:0px;--awb-padding-top:0px;--awb-padding-right:0px;--awb-padding-bottom:0px;--awb-padding-left:0px;--awb-border-sizes-top:0px;--awb-border-sizes-bottom:0px;--awb-flex-wrap:wrap;\" ><div class=\"fusion-builder-row fusion-row\"><div class=\"fusion-layout-column fusion_builder_column fusion-builder-column-1 fusion_builder_column_1_2 1_2 fusion-one-half fusion-column-first\" style=\"--awb-padding-top:15%;--awb-padding-right:15%;--awb-padding-bottom:15%;--awb-padding-left:15%;--awb-bg-color:#ececec;--awb-bg-color-hover:#ececec;--awb-bg-size:cover;\"><div class=\"fusion-column-wrapper fusion-flex-column-wrapper-legacy\"><div class=\"fusion-column-content-centered\"><div class=\"fusion-column-content\"><div class=\"fusion-text fusion-text-2\"><h2 style=\"text-align: left;\">Was wir machen?<\/h2>\n<p>Die Baumschule van Strijdhoven aus Udenhout ist auf den Freilandanbau von Nadelb\u00e4umen und immergr\u00fcnen Str\u00e4uchern spezialisiert. Diese werden zum Absichern und \/ oder Formschneiden hergestellt.<\/p>\n<p>Durch die Verwendung von schwerem Sandboden f\u00fcr eine zukunftsorientierte Arbeit mit GPS-Ger\u00e4ten und einer Portion Fachwissen sind wir in der Lage, sch\u00f6ne, gesunde und preisg\u00fcnstige Heckenpflanzen in ganz Europa zu liefern \u2013 und das alles p\u00fcnktlich.<\/p>\n<\/div><\/div><\/div><div class=\"fusion-clearfix\"><\/div><\/div><\/div><div class=\"fusion-layout-column fusion_builder_column fusion-builder-column-2 fusion_builder_column_1_2 1_2 fusion-one-half fusion-column-last\" style=\"--awb-padding-top:15%;--awb-padding-right:15%;--awb-padding-bottom:15%;--awb-padding-left:15%;--awb-bg-position:center center;--awb-bg-size:cover;\"><div class=\"fusion-column-wrapper lazyload fusion-column-has-shadow fusion-flex-column-wrapper-legacy fusion-empty-column-bg-image fusion-column-has-bg-image\" data-bg-url=\"https:\/\/www.boomkwekerij-vanstrijdhoven.nl\/\/wp-content\/uploads\/2019\/08\/over.jpg\" data-bg=\"https:\/\/www.boomkwekerij-vanstrijdhoven.nl\/\/wp-content\/uploads\/2019\/08\/over.jpg\"><div class=\"fusion-column-content-centered\"><div class=\"fusion-column-content\"><img decoding=\"async\" class=\"fusion-empty-dims-img-placeholder fusion-no-large-visibility\" src=\"data:image\/gif;base64,R0lGODlhAQABAAAAACH5BAEKAAEALAAAAAABAAEAAAICTAEAOw==\"><\/div><\/div><div class=\"fusion-clearfix\"><\/div><\/div><\/div><\/div><\/div><\/p>\n","protected":false},"excerpt":{"rendered":"","protected":false},"author":1,"featured_media":0,"parent":0,"menu_order":0,"comment_status":"closed","ping_status":"closed","template":"100-width.php","meta":{"_joinchat":[],"footnotes":""},"class_list":["post-1766","page","type-page","status-publish","hentry"],"yoast_head":"<!-- This site is optimized with the Yoast SEO plugin v27.4 - https:\/\/yoast.com\/product\/yoast-seo-wordpress\/ -->\n<title>\u00dcber - Boomkwekerij van Strijdhoven<\/title>\n<meta name=\"robots\" content=\"index, follow, max-snippet:-1, max-image-preview:large, max-video-preview:-1\" \/>\n<link rel=\"canonical\" href=\"https:\/\/www.boomkwekerij-vanstrijdhoven.nl\/de\/ueber\/\" \/>\n<meta property=\"og:locale\" content=\"de_DE\" \/>\n<meta property=\"og:type\" content=\"article\" \/>\n<meta property=\"og:title\" content=\"\u00dcber - Boomkwekerij van Strijdhoven\" \/>\n<meta property=\"og:url\" content=\"https:\/\/www.boomkwekerij-vanstrijdhoven.nl\/de\/ueber\/\" \/>\n<meta property=\"og:site_name\" content=\"Boomkwekerij van Strijdhoven\" \/>\n<meta property=\"article:modified_time\" content=\"2019-09-09T18:31:43+00:00\" \/>\n<meta name=\"twitter:card\" content=\"summary_large_image\" \/>\n<meta name=\"twitter:label1\" content=\"Gesch\u00e4tzte Lesezeit\" \/>\n\t<meta name=\"twitter:data1\" content=\"3\u00a0Minuten\" \/>\n<script type=\"application\/ld+json\" class=\"yoast-schema-graph\">{\"@context\":\"https:\\\/\\\/schema.org\",\"@graph\":[{\"@type\":\"WebPage\",\"@id\":\"https:\\\/\\\/www.boomkwekerij-vanstrijdhoven.nl\\\/de\\\/ueber\\\/\",\"url\":\"https:\\\/\\\/www.boomkwekerij-vanstrijdhoven.nl\\\/de\\\/ueber\\\/\",\"name\":\"\u00dcber - Boomkwekerij van Strijdhoven\",\"isPartOf\":{\"@id\":\"https:\\\/\\\/www.boomkwekerij-vanstrijdhoven.nl\\\/#website\"},\"datePublished\":\"2019-09-09T18:22:03+00:00\",\"dateModified\":\"2019-09-09T18:31:43+00:00\",\"breadcrumb\":{\"@id\":\"https:\\\/\\\/www.boomkwekerij-vanstrijdhoven.nl\\\/de\\\/ueber\\\/#breadcrumb\"},\"inLanguage\":\"de\",\"potentialAction\":[{\"@type\":\"ReadAction\",\"target\":[\"https:\\\/\\\/www.boomkwekerij-vanstrijdhoven.nl\\\/de\\\/ueber\\\/\"]}]},{\"@type\":\"BreadcrumbList\",\"@id\":\"https:\\\/\\\/www.boomkwekerij-vanstrijdhoven.nl\\\/de\\\/ueber\\\/#breadcrumb\",\"itemListElement\":[{\"@type\":\"ListItem\",\"position\":1,\"name\":\"Home\",\"item\":\"https:\\\/\\\/www.boomkwekerij-vanstrijdhoven.nl\\\/de\\\/\"},{\"@type\":\"ListItem\",\"position\":2,\"name\":\"\u00dcber\"}]},{\"@type\":\"WebSite\",\"@id\":\"https:\\\/\\\/www.boomkwekerij-vanstrijdhoven.nl\\\/#website\",\"url\":\"https:\\\/\\\/www.boomkwekerij-vanstrijdhoven.nl\\\/\",\"name\":\"Van Strijdhoven Boomkwekerij\",\"description\":\"Gespecialiseerd in de vollegrondsteelt van coniferen en bladhoudende heesters.\",\"publisher\":{\"@id\":\"https:\\\/\\\/www.boomkwekerij-vanstrijdhoven.nl\\\/#organization\"},\"potentialAction\":[{\"@type\":\"SearchAction\",\"target\":{\"@type\":\"EntryPoint\",\"urlTemplate\":\"https:\\\/\\\/www.boomkwekerij-vanstrijdhoven.nl\\\/?s={search_term_string}\"},\"query-input\":{\"@type\":\"PropertyValueSpecification\",\"valueRequired\":true,\"valueName\":\"search_term_string\"}}],\"inLanguage\":\"de\"},{\"@type\":\"Organization\",\"@id\":\"https:\\\/\\\/www.boomkwekerij-vanstrijdhoven.nl\\\/#organization\",\"name\":\"Van Strijdhoven Boomkwekerij B.V.\",\"url\":\"https:\\\/\\\/www.boomkwekerij-vanstrijdhoven.nl\\\/\",\"logo\":{\"@type\":\"ImageObject\",\"inLanguage\":\"de\",\"@id\":\"https:\\\/\\\/www.boomkwekerij-vanstrijdhoven.nl\\\/#\\\/schema\\\/logo\\\/image\\\/\",\"url\":\"https:\\\/\\\/www.boomkwekerij-vanstrijdhoven.nl\\\/wp-content\\\/uploads\\\/2017\\\/09\\\/vanstrijdhoven-logo.png\",\"contentUrl\":\"https:\\\/\\\/www.boomkwekerij-vanstrijdhoven.nl\\\/wp-content\\\/uploads\\\/2017\\\/09\\\/vanstrijdhoven-logo.png\",\"width\":445,\"height\":167,\"caption\":\"Van Strijdhoven Boomkwekerij B.V.\"},\"image\":{\"@id\":\"https:\\\/\\\/www.boomkwekerij-vanstrijdhoven.nl\\\/#\\\/schema\\\/logo\\\/image\\\/\"}}]}<\/script>\n<!-- \/ Yoast SEO plugin. -->","yoast_head_json":{"title":"\u00dcber - Boomkwekerij van Strijdhoven","robots":{"index":"index","follow":"follow","max-snippet":"max-snippet:-1","max-image-preview":"max-image-preview:large","max-video-preview":"max-video-preview:-1"},"canonical":"https:\/\/www.boomkwekerij-vanstrijdhoven.nl\/de\/ueber\/","og_locale":"de_DE","og_type":"article","og_title":"\u00dcber - Boomkwekerij van Strijdhoven","og_url":"https:\/\/www.boomkwekerij-vanstrijdhoven.nl\/de\/ueber\/","og_site_name":"Boomkwekerij van Strijdhoven","article_modified_time":"2019-09-09T18:31:43+00:00","twitter_card":"summary_large_image","twitter_misc":{"Gesch\u00e4tzte Lesezeit":"3\u00a0Minuten"},"schema":{"@context":"https:\/\/schema.org","@graph":[{"@type":"WebPage","@id":"https:\/\/www.boomkwekerij-vanstrijdhoven.nl\/de\/ueber\/","url":"https:\/\/www.boomkwekerij-vanstrijdhoven.nl\/de\/ueber\/","name":"\u00dcber - Boomkwekerij van Strijdhoven","isPartOf":{"@id":"https:\/\/www.boomkwekerij-vanstrijdhoven.nl\/#website"},"datePublished":"2019-09-09T18:22:03+00:00","dateModified":"2019-09-09T18:31:43+00:00","breadcrumb":{"@id":"https:\/\/www.boomkwekerij-vanstrijdhoven.nl\/de\/ueber\/#breadcrumb"},"inLanguage":"de","potentialAction":[{"@type":"ReadAction","target":["https:\/\/www.boomkwekerij-vanstrijdhoven.nl\/de\/ueber\/"]}]},{"@type":"BreadcrumbList","@id":"https:\/\/www.boomkwekerij-vanstrijdhoven.nl\/de\/ueber\/#breadcrumb","itemListElement":[{"@type":"ListItem","position":1,"name":"Home","item":"https:\/\/www.boomkwekerij-vanstrijdhoven.nl\/de\/"},{"@type":"ListItem","position":2,"name":"\u00dcber"}]},{"@type":"WebSite","@id":"https:\/\/www.boomkwekerij-vanstrijdhoven.nl\/#website","url":"https:\/\/www.boomkwekerij-vanstrijdhoven.nl\/","name":"Van Strijdhoven Boomkwekerij","description":"Gespecialiseerd in de vollegrondsteelt van coniferen en bladhoudende heesters.","publisher":{"@id":"https:\/\/www.boomkwekerij-vanstrijdhoven.nl\/#organization"},"potentialAction":[{"@type":"SearchAction","target":{"@type":"EntryPoint","urlTemplate":"https:\/\/www.boomkwekerij-vanstrijdhoven.nl\/?s={search_term_string}"},"query-input":{"@type":"PropertyValueSpecification","valueRequired":true,"valueName":"search_term_string"}}],"inLanguage":"de"},{"@type":"Organization","@id":"https:\/\/www.boomkwekerij-vanstrijdhoven.nl\/#organization","name":"Van Strijdhoven Boomkwekerij B.V.","url":"https:\/\/www.boomkwekerij-vanstrijdhoven.nl\/","logo":{"@type":"ImageObject","inLanguage":"de","@id":"https:\/\/www.boomkwekerij-vanstrijdhoven.nl\/#\/schema\/logo\/image\/","url":"https:\/\/www.boomkwekerij-vanstrijdhoven.nl\/wp-content\/uploads\/2017\/09\/vanstrijdhoven-logo.png","contentUrl":"https:\/\/www.boomkwekerij-vanstrijdhoven.nl\/wp-content\/uploads\/2017\/09\/vanstrijdhoven-logo.png","width":445,"height":167,"caption":"Van Strijdhoven Boomkwekerij B.V."},"image":{"@id":"https:\/\/www.boomkwekerij-vanstrijdhoven.nl\/#\/schema\/logo\/image\/"}}]}},"_links":{"self":[{"href":"https:\/\/www.boomkwekerij-vanstrijdhoven.nl\/de\/wp-json\/wp\/v2\/pages\/1766","targetHints":{"allow":["GET"]}}],"collection":[{"href":"https:\/\/www.boomkwekerij-vanstrijdhoven.nl\/de\/wp-json\/wp\/v2\/pages"}],"about":[{"href":"https:\/\/www.boomkwekerij-vanstrijdhoven.nl\/de\/wp-json\/wp\/v2\/types\/page"}],"author":[{"embeddable":true,"href":"https:\/\/www.boomkwekerij-vanstrijdhoven.nl\/de\/wp-json\/wp\/v2\/users\/1"}],"replies":[{"embeddable":true,"href":"https:\/\/www.boomkwekerij-vanstrijdhoven.nl\/de\/wp-json\/wp\/v2\/comments?post=1766"}],"version-history":[{"count":2,"href":"https:\/\/www.boomkwekerij-vanstrijdhoven.nl\/de\/wp-json\/wp\/v2\/pages\/1766\/revisions"}],"predecessor-version":[{"id":1768,"href":"https:\/\/www.boomkwekerij-vanstrijdhoven.nl\/de\/wp-json\/wp\/v2\/pages\/1766\/revisions\/1768"}],"wp:attachment":[{"href":"https:\/\/www.boomkwekerij-vanstrijdhoven.nl\/de\/wp-json\/wp\/v2\/media?parent=1766"}],"curies":[{"name":"wp","href":"https:\/\/api.w.org\/{rel}","templated":true}]}}